{"id":14,"date":"2018-10-17T19:59:49","date_gmt":"2018-10-17T19:59:49","guid":{"rendered":"http:\/\/www.taborrevika.cz\/?page_id=14"},"modified":"2026-03-14T17:14:50","modified_gmt":"2026-03-14T17:14:50","slug":"domu","status":"publish","type":"page","link":"https:\/\/www.taborrevika.cz\/","title":{"rendered":"T\u00e1bor Revika"},"content":{"rendered":"\n<p style=\"text-align: center;\"><span style=\"text-decoration: underline;\"><span style=\"font-size: 24pt;\"><strong>T\u00e1bor na Revice v roce 2026? Bude!<\/strong><\/span><\/span><\/p>\n<p>V\u00e1\u017een\u00ed p\u0159\u00edznivci na\u0161eho t\u00e1bora. I v tomto roce pro V\u00e1s op\u011bt p\u0159ipravujeme letn\u00ed t\u00e1bor. Letos se n\u00e1m poda\u0159ilo dojednat del\u0161\u00ed term\u00edn, a to 20.-29.07.2026, p\u0159i\u010dem\u017e budeme za\u010d\u00ednat ve\u010de\u0159\u00ed a kon\u010dit sn\u00eddan\u00ed. Cena za pobyt je 7 500 K\u010d za \u00fa\u010dastn\u00edka. Z hlediska organizace t\u00e1bora jsme za\u010dali spolupracovat s Domem d\u011bt\u00ed a ml\u00e1de\u017ee Vala\u0161sk\u00e9 Klobouky. Pro p\u0159ihl\u00e1\u0161en\u00ed na t\u00e1bor pou\u017eijte p\u0159ihla\u0161ovac\u00ed formul\u00e1\u0159 na str\u00e1nk\u00e1ch www.ddmvk.cz, kde si zalo\u017e\u00edte klientsk\u00fd \u00fa\u010det a po celou dobu budete m\u00edt p\u0159\u00edstup k administraci p\u0159ihl\u00e1\u0161ky. V p\u0159\u00edpad\u011b dotaz\u016f k p\u0159ihl\u00e1\u0161k\u00e1m nebo platb\u00e1m se obracejte emailem na DDM Vala\u0161sk\u00e9 Klobouky, pro dotazy k organizaci t\u00e1bora m\u016f\u017eete vyu\u017e\u00edt n\u00e1\u0161 email. T\u011b\u0161\u00edme se na V\u00e1s!<\/p>\n<p>\u00a0<\/p>\n<p>\u00a0<\/p>\n<p>\u00a0<\/p>\n<p><strong>Aktu\u00e1ln\u011b: t\u00e1bor na Revice v roce 2025<\/strong><\/p>\n<p><img loading=\"lazy\" decoding=\"async\" src=\"http:\/\/www.taborrevika.cz\/wp-content\/uploads\/2025\/02\/IMG_0101.jpg\" alt=\"\" width=\"1079\" height=\"1527\" \/><\/p>\n<p style=\"text-align: justify;\">V\u00e1\u017een\u00ed rodi\u010de a t\u00e1born\u00edci. I v leto\u0161n\u00edm roce 2025 prob\u011bhne ji\u017e u\u017e skoro tradi\u010dn\u00ed t\u00e1bor na Revice, a to ve zkr\u00e1cen\u00e9m 8 denn\u00edm re\u017eimu.<\/p>\n<p>P\u0159ihl\u00e1\u0161ky p\u0159ij\u00edm\u00e1me pouze elektronicky:\u00a0<a href=\"https:\/\/forms.gle\/pBhNEGK9k4SYWTCd7\">https:\/\/forms.gle\/pBhNEGK9k4SYWTCd7<\/a><\/p>\n<p>V pr\u016fb\u011bhu n\u00e1sleduj\u00edc\u00edch m\u011bs\u00edc\u016f zve\u0159ejn\u00edme tak\u00e9 platebn\u00ed \u00fadaje a dokumenty pot\u0159ebn\u00e9 k \u00fa\u010dasti na t\u00e1bo\u0159e<\/p>\n<p>Stejn\u011b jako minul\u00fd rok se m\u016f\u017eete vybrat mezi klasick\u00fdm t\u00e1borem a fotbalov\u00fdm kempem. Oba dva maj\u00ed stejn\u00fd celot\u00e1borov\u00fd program v odpoledn\u00edch hodin\u00e1ch, li\u0161\u00ed se v dopoledn\u00edch \u010dinnostech, kdy fotbalov\u00fd kemp bude m\u00edt m\u00edsto \u010dinnost\u00ed v odd\u00edle fotbalovou pr\u016fpravu.<\/p>\n<p>Celkov\u00e9 dotazy k t\u00e1boru sm\u011b\u0159ujte na email gajdosikova.g@seznam.cz, konkr\u00e9tn\u00ed dotazy k fotbalov\u00e9mu kempu na email tomas.fojtikstudent@seznam.cz.<\/p>\n<p>\u00a0<\/p>\n<p>T\u011b\u0161\u00edme se na V\u00e1s.<\/p>\n<p style=\"text-align: left;\">\u00a0 \u00a0 \u00a0 \u00a0 \u00a0 \u00a0 \u00a0<\/p>\n<p style=\"text-align: left;\">\u00a0<\/p>\n<p>\u00a0<\/p>\n<p>\u00a0<\/p>\n<p><span style=\"font-size: 14pt;\"><strong>\u00a0 \u00a0 \u00a0 \u00a0 \u00a0 \u00a0 \u00a0 \u00a0 \u00a0 \u00a0 \u00a0<\/strong><\/span><\/p>\n<p><img loading=\"lazy\" decoding=\"async\" class=\"wp-image-835 aligncenter\" src=\"http:\/\/www.taborrevika.cz\/wp-content\/uploads\/2021\/03\/20200731_171028-300x225.jpg\" alt=\"\" width=\"575\" height=\"431\" srcset=\"https:\/\/www.taborrevika.cz\/wp-content\/uploads\/2021\/03\/20200731_171028-300x225.jpg 300w, https:\/\/www.taborrevika.cz\/wp-content\/uploads\/2021\/03\/20200731_171028-1024x768.jpg 1024w, https:\/\/www.taborrevika.cz\/wp-content\/uploads\/2021\/03\/20200731_171028-768x576.jpg 768w, https:\/\/www.taborrevika.cz\/wp-content\/uploads\/2021\/03\/20200731_171028-1536x1152.jpg 1536w, https:\/\/www.taborrevika.cz\/wp-content\/uploads\/2021\/03\/20200731_171028-2048x1536.jpg 2048w\" sizes=\"(max-width: 575px) 100vw, 575px\" \/>\u00a0<\/p>\n<p><img loading=\"lazy\" decoding=\"async\" class=\"wp-image-247 aligncenter\" src=\"http:\/\/www.taborrevika.cz\/wp-content\/uploads\/2020\/01\/20190731_152137-300x225.jpg\" alt=\"\" width=\"651\" height=\"488\" srcset=\"https:\/\/www.taborrevika.cz\/wp-content\/uploads\/2020\/01\/20190731_152137-300x225.jpg 300w, https:\/\/www.taborrevika.cz\/wp-content\/uploads\/2020\/01\/20190731_152137-1024x768.jpg 1024w, https:\/\/www.taborrevika.cz\/wp-content\/uploads\/2020\/01\/20190731_152137-768x576.jpg 768w, https:\/\/www.taborrevika.cz\/wp-content\/uploads\/2020\/01\/20190731_152137-500x375.jpg 500w, https:\/\/www.taborrevika.cz\/wp-content\/uploads\/2020\/01\/20190731_152137-1536x1152.jpg 1536w, https:\/\/www.taborrevika.cz\/wp-content\/uploads\/2020\/01\/20190731_152137-2048x1536.jpg 2048w\" sizes=\"(max-width: 651px) 100vw, 651px\" \/><\/p>\n<h5><img loading=\"lazy\" decoding=\"async\" class=\" wp-image-1177 aligncenter\" src=\"http:\/\/www.taborrevika.cz\/wp-content\/uploads\/2022\/01\/IMG_2954-300x225.jpg\" alt=\"\" width=\"645\" height=\"485\" srcset=\"https:\/\/www.taborrevika.cz\/wp-content\/uploads\/2022\/01\/IMG_2954-300x225.jpg 300w, https:\/\/www.taborrevika.cz\/wp-content\/uploads\/2022\/01\/IMG_2954-1024x768.jpg 1024w, https:\/\/www.taborrevika.cz\/wp-content\/uploads\/2022\/01\/IMG_2954-768x576.jpg 768w, https:\/\/www.taborrevika.cz\/wp-content\/uploads\/2022\/01\/IMG_2954-1536x1152.jpg 1536w, https:\/\/www.taborrevika.cz\/wp-content\/uploads\/2022\/01\/IMG_2954-2048x1536.jpg 2048w\" sizes=\"(max-width: 645px) 100vw, 645px\" \/><\/h5>\n<h5>\u00a0<\/h5>\n\n\n\n\n\n\n\n\n\n\n\n\n\n\n\n\n\n\n\n\n\n<p><\/p>\n\n\n\n<div class=\"wp-block-group is-layout-flow wp-block-group-is-layout-flow\"><style type=\"text\/css\">\r\n\t#foogallery-gallery-167 .fg-image {\r\n        width: 150px;\r\n    }\r\n<\/style>\r\n\t\t\t\t<div class=\"foogallery foogallery-container foogallery-default foogallery-lightbox-foobox fg-gutter-10 fg-center fg-default fg-light fg-border-thin fg-shadow-outline fg-loading-default fg-loaded-fade-in fg-caption-hover fg-hover-fade fg-hover-zoom fg-ready\" id=\"foogallery-gallery-167\" data-foogallery=\"{&quot;item&quot;:{&quot;showCaptionTitle&quot;:true,&quot;showCaptionDescription&quot;:true},&quot;lazy&quot;:true}\" >\r\n\t<div class=\"fg-item fg-type-image fg-idle\"><figure class=\"fg-item-inner\"><a href=\"https:\/\/www.taborrevika.cz\/wp-content\/uploads\/2020\/01\/SLIDER-4-scaled.jpg\" data-attachment-id=\"84\" class=\"fg-thumb\"><span class=\"fg-image-wrap\"><img loading=\"lazy\" decoding=\"async\" width=\"150\" height=\"150\" class=\"skip-lazy fg-image\" data-src-fg=\"https:\/\/www.taborrevika.cz\/wp-content\/uploads\/cache\/2020\/01\/SLIDER-4-scaled\/2434426312.jpg\" src=\"data:image\/svg+xml,%3Csvg%20xmlns%3D%22http%3A%2F%2Fwww.w3.org%2F2000%2Fsvg%22%20width%3D%22150%22%20height%3D%22150%22%20viewBox%3D%220%200%20150%20150%22%3E%3C%2Fsvg%3E\"><\/span><span class=\"fg-image-overlay\"><\/span><\/a><figcaption class=\"fg-caption\"><div class=\"fg-caption-inner\"><\/div><\/figcaption><\/figure><div class=\"fg-loader\"><\/div><\/div><div class=\"fg-item fg-type-image fg-idle\"><figure class=\"fg-item-inner\"><a href=\"https:\/\/www.taborrevika.cz\/wp-content\/uploads\/2020\/01\/20180616_104557-scaled.jpg\" data-attachment-id=\"91\" class=\"fg-thumb\"><span class=\"fg-image-wrap\"><img loading=\"lazy\" decoding=\"async\" width=\"150\" height=\"150\" class=\"skip-lazy fg-image\" data-src-fg=\"https:\/\/www.taborrevika.cz\/wp-content\/uploads\/cache\/2020\/01\/20180616_104557-scaled\/761784510.jpg\" src=\"data:image\/svg+xml,%3Csvg%20xmlns%3D%22http%3A%2F%2Fwww.w3.org%2F2000%2Fsvg%22%20width%3D%22150%22%20height%3D%22150%22%20viewBox%3D%220%200%20150%20150%22%3E%3C%2Fsvg%3E\"><\/span><span class=\"fg-image-overlay\"><\/span><\/a><figcaption class=\"fg-caption\"><div class=\"fg-caption-inner\"><\/div><\/figcaption><\/figure><div class=\"fg-loader\"><\/div><\/div><div class=\"fg-item fg-type-image fg-idle\"><figure class=\"fg-item-inner\"><a href=\"https:\/\/www.taborrevika.cz\/wp-content\/uploads\/2020\/01\/SLIDER-5-scaled.jpg\" data-attachment-id=\"85\" class=\"fg-thumb\"><span class=\"fg-image-wrap\"><img loading=\"lazy\" decoding=\"async\" width=\"150\" height=\"150\" class=\"skip-lazy fg-image\" data-src-fg=\"https:\/\/www.taborrevika.cz\/wp-content\/uploads\/cache\/2020\/01\/SLIDER-5-scaled\/2524778454.jpg\" src=\"data:image\/svg+xml,%3Csvg%20xmlns%3D%22http%3A%2F%2Fwww.w3.org%2F2000%2Fsvg%22%20width%3D%22150%22%20height%3D%22150%22%20viewBox%3D%220%200%20150%20150%22%3E%3C%2Fsvg%3E\"><\/span><span class=\"fg-image-overlay\"><\/span><\/a><figcaption class=\"fg-caption\"><div class=\"fg-caption-inner\"><\/div><\/figcaption><\/figure><div class=\"fg-loader\"><\/div><\/div><div class=\"fg-item fg-type-image fg-idle\"><figure class=\"fg-item-inner\"><a href=\"https:\/\/www.taborrevika.cz\/wp-content\/uploads\/2020\/01\/20180616_104000-scaled.jpg\" data-attachment-id=\"92\" class=\"fg-thumb\"><span class=\"fg-image-wrap\"><img loading=\"lazy\" decoding=\"async\" width=\"150\" height=\"150\" class=\"skip-lazy fg-image\" data-src-fg=\"https:\/\/www.taborrevika.cz\/wp-content\/uploads\/cache\/2020\/01\/20180616_104000-scaled\/2033488803.jpg\" src=\"data:image\/svg+xml,%3Csvg%20xmlns%3D%22http%3A%2F%2Fwww.w3.org%2F2000%2Fsvg%22%20width%3D%22150%22%20height%3D%22150%22%20viewBox%3D%220%200%20150%20150%22%3E%3C%2Fsvg%3E\"><\/span><span class=\"fg-image-overlay\"><\/span><\/a><figcaption class=\"fg-caption\"><div class=\"fg-caption-inner\"><\/div><\/figcaption><\/figure><div class=\"fg-loader\"><\/div><\/div><div class=\"fg-item fg-type-image fg-idle\"><figure class=\"fg-item-inner\"><a href=\"https:\/\/www.taborrevika.cz\/wp-content\/uploads\/2020\/01\/SLIDER-2-scaled.jpg\" data-attachment-id=\"82\" class=\"fg-thumb\"><span class=\"fg-image-wrap\"><img loading=\"lazy\" decoding=\"async\" width=\"150\" height=\"150\" class=\"skip-lazy fg-image\" data-src-fg=\"https:\/\/www.taborrevika.cz\/wp-content\/uploads\/cache\/2020\/01\/SLIDER-2-scaled\/2185828748.jpg\" src=\"data:image\/svg+xml,%3Csvg%20xmlns%3D%22http%3A%2F%2Fwww.w3.org%2F2000%2Fsvg%22%20width%3D%22150%22%20height%3D%22150%22%20viewBox%3D%220%200%20150%20150%22%3E%3C%2Fsvg%3E\"><\/span><span class=\"fg-image-overlay\"><\/span><\/a><figcaption class=\"fg-caption\"><div class=\"fg-caption-inner\"><\/div><\/figcaption><\/figure><div class=\"fg-loader\"><\/div><\/div><div class=\"fg-item fg-type-image fg-idle\"><figure class=\"fg-item-inner\"><a href=\"https:\/\/www.taborrevika.cz\/wp-content\/uploads\/2020\/01\/SLIDER-6-scaled.jpg\" data-attachment-id=\"168\" class=\"fg-thumb\"><span class=\"fg-image-wrap\"><img loading=\"lazy\" decoding=\"async\" width=\"150\" height=\"150\" class=\"skip-lazy fg-image\" data-src-fg=\"https:\/\/www.taborrevika.cz\/wp-content\/uploads\/cache\/2020\/01\/SLIDER-6-scaled\/2899022719.jpg\" src=\"data:image\/svg+xml,%3Csvg%20xmlns%3D%22http%3A%2F%2Fwww.w3.org%2F2000%2Fsvg%22%20width%3D%22150%22%20height%3D%22150%22%20viewBox%3D%220%200%20150%20150%22%3E%3C%2Fsvg%3E\"><\/span><span class=\"fg-image-overlay\"><\/span><\/a><figcaption class=\"fg-caption\"><div class=\"fg-caption-inner\"><\/div><\/figcaption><\/figure><div class=\"fg-loader\"><\/div><\/div><\/div>\r\n<\/div>\n\n\n\n<p><\/p>\n","protected":false},"excerpt":{"rendered":"<p>T\u00e1bor na Revice v roce 2026? Bude! V\u00e1\u017een\u00ed p\u0159\u00edznivci na\u0161eho t\u00e1bora. I v tomto roce pro V\u00e1s op\u011bt p\u0159ipravujeme letn\u00ed t\u00e1bor. Letos se n\u00e1m poda\u0159ilo dojednat del\u0161\u00ed term\u00edn, a to 20.-29.07.2026, p\u0159i\u010dem\u017e budeme za\u010d\u00ednat ve\u010de\u0159\u00ed a kon\u010dit sn\u00eddan\u00ed. Cena za pobyt je 7 500 K\u010d za \u00fa\u010dastn\u00edka. Z hlediska organizace t\u00e1bora jsme za\u010dali spolupracovat s [&hellip;]<\/p>\n","protected":false},"author":1,"featured_media":0,"parent":0,"menu_order":0,"comment_status":"closed","ping_status":"closed","template":"","meta":{"site-sidebar-layout":"default","site-content-layout":"default","ast-site-content-layout":"default","site-content-style":"default","site-sidebar-style":"default","ast-global-header-display":"","ast-banner-title-visibility":"","ast-main-header-display":"","ast-hfb-above-header-display":"","ast-hfb-below-header-display":"","ast-hfb-mobile-header-display":"","site-post-title":"","ast-breadcrumbs-content":"","ast-featured-img":"","footer-sml-layout":"","theme-transparent-header-meta":"default","adv-header-id-meta":"","stick-header-meta":"","header-above-stick-meta":"","header-main-stick-meta":"","header-below-stick-meta":"","astra-migrate-meta-layouts":"set","ast-page-background-enabled":"default","ast-page-background-meta":{"desktop":{"background-color":"var(--ast-global-color-4)","background-image":"","background-repeat":"repeat","background-position":"center center","background-size":"auto","background-attachment":"scroll","background-type":"","background-media":"","overlay-type":"","overlay-color":"","overlay-opacity":"","overlay-gradient":""},"tablet":{"background-color":"","background-image":"","background-repeat":"repeat","background-position":"center center","background-size":"auto","background-attachment":"scroll","background-type":"","background-media":"","overlay-type":"","overlay-color":"","overlay-opacity":"","overlay-gradient":""},"mobile":{"background-color":"","background-image":"","background-repeat":"repeat","background-position":"center center","background-size":"auto","background-attachment":"scroll","background-type":"","background-media":"","overlay-type":"","overlay-color":"","overlay-opacity":"","overlay-gradient":""}},"ast-content-background-meta":{"desktop":{"background-color":"var(--ast-global-color-5)","background-image":"","background-repeat":"repeat","background-position":"center center","background-size":"auto","background-attachment":"scroll","background-type":"","background-media":"","overlay-type":"","overlay-color":"","overlay-opacity":"","overlay-gradient":""},"tablet":{"background-color":"var(--ast-global-color-5)","background-image":"","background-repeat":"repeat","background-position":"center center","background-size":"auto","background-attachment":"scroll","background-type":"","background-media":"","overlay-type":"","overlay-color":"","overlay-opacity":"","overlay-gradient":""},"mobile":{"background-color":"var(--ast-global-color-5)","background-image":"","background-repeat":"repeat","background-position":"center center","background-size":"auto","background-attachment":"scroll","background-type":"","background-media":"","overlay-type":"","overlay-color":"","overlay-opacity":"","overlay-gradient":""}},"footnotes":""},"_links":{"self":[{"href":"https:\/\/www.taborrevika.cz\/index.php\/wp-json\/wp\/v2\/pages\/14"}],"collection":[{"href":"https:\/\/www.taborrevika.cz\/index.php\/wp-json\/wp\/v2\/pages"}],"about":[{"href":"https:\/\/www.taborrevika.cz\/index.php\/wp-json\/wp\/v2\/types\/page"}],"author":[{"embeddable":true,"href":"https:\/\/www.taborrevika.cz\/index.php\/wp-json\/wp\/v2\/users\/1"}],"replies":[{"embeddable":true,"href":"https:\/\/www.taborrevika.cz\/index.php\/wp-json\/wp\/v2\/comments?post=14"}],"version-history":[{"count":105,"href":"https:\/\/www.taborrevika.cz\/index.php\/wp-json\/wp\/v2\/pages\/14\/revisions"}],"predecessor-version":[{"id":1386,"href":"https:\/\/www.taborrevika.cz\/index.php\/wp-json\/wp\/v2\/pages\/14\/revisions\/1386"}],"wp:attachment":[{"href":"https:\/\/www.taborrevika.cz\/index.php\/wp-json\/wp\/v2\/media?parent=14"}],"curies":[{"name":"wp","href":"https:\/\/api.w.org\/{rel}","templated":true}]}}